{"id":104,"date":"2026-03-22T20:47:21","date_gmt":"2026-03-22T20:47:21","guid":{"rendered":"https:\/\/www.house2house.ch\/?page_id=104"},"modified":"2026-03-24T20:13:37","modified_gmt":"2026-03-24T20:13:37","slug":"explore-more-2","status":"publish","type":"page","link":"https:\/\/www.house2house.ch\/?page_id=104","title":{"rendered":"Pour aller plus loin"},"content":{"rendered":"<p style=\"text-align: center;\">\u00ab <em>Voici le commencement de la sagesse : acquiers la sagesse, et avec tout ce que tu poss\u00e8des acquiers l\u2019intelligence.<\/em> \u00bb<br \/>\n(Proverbe 4:7)<\/p>\n<p style=\"text-align: center;\">\u00ab<em> Un c\u0153ur intelligent acquiert la science, et l\u2019oreille des sages cherche la connaissance.<\/em> \u00bb<br \/>\n(Proverbe 18:15)<\/p>\n<h1>Pour aller plus loin<\/h1>\n<p>Pour aller plus loin, d\u00e9couvrez des ressources qui explorent la richesse des communaut\u00e9s chr\u00e9tiennes v\u00e9cues de maison en maison, \u00e0 travers la louange, l\u2019enseignement et le partage.<\/p>\n<h2>Articles<\/h2>\n<p>Jonathan McGrath, \u201cRenovating House Church Assumptions: A Reconsideration of Early Christian Church Models,\u201d <em data-start=\"537\" data-end=\"587\">The Great Commission Baptist Journal of Missions<\/em> 3 (2024), <a class=\"decorated-link cursor-pointer\" target=\"_new\" rel=\"noopener\" data-start=\"598\" data-end=\"631\">https:\/\/doi.org\/10.31046\/2n6kyn49<\/a>.<\/p>\n<h2>Livres<\/h2>\n<p>Bunton, Peter. <em data-start=\"389\" data-end=\"446\">Cell Groups and House Churches: What History Teaches Us<\/em>. House to House Publications, 2015.<\/p>\n<p>Fleming, John. <em data-start=\"469\" data-end=\"529\">Bind Us Together: To Be the Church That Jesus Really Wants<\/em>. Kingsway Communications, 2008.<\/p>\n<h2>Vid\u00e9os<\/h2>\n<p>A quoi ressemblait r\u00e9ellement le leadership eccl\u00e9siastique dans les \u00e9glises du 1er si\u00e8cle et &#8230;. <em>House Church Preacher<\/em>. \u201cA quoi ressemblait r\u00e9ellement le leadership eccl\u00e9siastique dans les \u00e9glises du 1er si\u00e8cle et &#8230;\u201d. D\u00e9cembre 2025. <a href=\"https:\/\/www.youtube.com\/watch?v=m4KX_gbqELo\">https:\/\/www.youtube.com\/watch?v=m4KX_gbqELo<\/a><\/p>\n<p>Eglises de maison: les 5 arguments les plus courants contre analys\u00e9s. <em>House Church Preacher<\/em>. \u201cEglises de maison: les 5 arguments les plus courants contre analys\u00e9s\u201d. D\u00e9cembre 2025. <a href=\"https:\/\/www.youtube.com\/watch?v=Ps12Cs3_vJc\">https:\/\/www.youtube.com\/watch?v=Ps12Cs3_vJc<\/a><\/p>\n<p>Pourquoi les premi\u00e8res \u00e9glises n&#8217;avaient-elles pas de chaires avec un seul homme?. <em>House Church Preacher<\/em>. \u201cPourquoi les premi\u00e8res \u00e9glises n&#8217;avaient-elles pas de chaires avec un seul homme?\u201d. Septembre 2025. <a href=\"https:\/\/www.youtube.com\/watch?v=gs_URA1PhVg\">https:\/\/www.youtube.com\/watch?v=gs_URA1PhVg<\/a><\/p>\n<p>Que se passerait-il si une ville enti\u00e8re passait aux \u00e9glises de maison?. <em>House Church Preacher<\/em>. \u201cQue se passerait-il si une ville enti\u00e8re passait aux \u00e9glises de maison?\u201d. F\u00e9vrier 2026. <a href=\"https:\/\/www.youtube.com\/watch?v=BVG6qidckZY\">https:\/\/www.youtube.com\/watch?v=BVG6qidckZY<\/a><\/p>\n<h2>Podcast<\/h2>\n<p><em>A venir<\/em><\/p>\n<p>&nbsp;<\/p>\n","protected":false},"excerpt":{"rendered":"<p>\u00ab Voici le commencement de la sagesse : acquiers la sagesse, et avec tout ce que tu poss\u00e8des acquiers l\u2019intelligence. \u00bb (Proverbe 4:7) \u00ab Un c\u0153ur intelligent acquiert la science, et l\u2019oreille des sages cherche la connaissance. \u00bb (Proverbe 18:15) Pour aller plus loin Pour aller plus loin, d\u00e9couvrez des ressources qui explorent la richesse &hellip; <\/p>\n<p class=\"link-more\"><a href=\"https:\/\/www.house2house.ch\/?page_id=104\" class=\"more-link\">Continue reading<span class=\"screen-reader-text\"> &#8220;Pour aller plus loin&#8221;<\/span><\/a><\/p>\n","protected":false},"author":2,"featured_media":0,"parent":0,"menu_order":0,"comment_status":"closed","ping_status":"closed","template":"","meta":{"footnotes":""},"class_list":["post-104","page","type-page","status-publish","hentry"],"_links":{"self":[{"href":"https:\/\/www.house2house.ch\/index.php?rest_route=\/wp\/v2\/pages\/104","targetHints":{"allow":["GET"]}}],"collection":[{"href":"https:\/\/www.house2house.ch\/index.php?rest_route=\/wp\/v2\/pages"}],"about":[{"href":"https:\/\/www.house2house.ch\/index.php?rest_route=\/wp\/v2\/types\/page"}],"author":[{"embeddable":true,"href":"https:\/\/www.house2house.ch\/index.php?rest_route=\/wp\/v2\/users\/2"}],"replies":[{"embeddable":true,"href":"https:\/\/www.house2house.ch\/index.php?rest_route=%2Fwp%2Fv2%2Fcomments&post=104"}],"version-history":[{"count":7,"href":"https:\/\/www.house2house.ch\/index.php?rest_route=\/wp\/v2\/pages\/104\/revisions"}],"predecessor-version":[{"id":323,"href":"https:\/\/www.house2house.ch\/index.php?rest_route=\/wp\/v2\/pages\/104\/revisions\/323"}],"wp:attachment":[{"href":"https:\/\/www.house2house.ch\/index.php?rest_route=%2Fwp%2Fv2%2Fmedia&parent=104"}],"curies":[{"name":"wp","href":"https:\/\/api.w.org\/{rel}","templated":true}]}}