{"id":181,"date":"2026-03-23T20:16:44","date_gmt":"2026-03-23T20:16:44","guid":{"rendered":"https:\/\/www.house2house.ch\/?page_id=181"},"modified":"2026-03-28T14:02:20","modified_gmt":"2026-03-28T14:02:20","slug":"home-deutsch","status":"publish","type":"page","link":"https:\/\/www.house2house.ch\/?lang=de","title":{"rendered":"Home &#8211; Deutsch"},"content":{"rendered":"<p style=\"text-align: center;\" data-start=\"130\" data-end=\"318\"><strong><em>Willkommen auf unserer Website!<\/em><\/strong><\/p>\n<p style=\"text-align: center;\" data-start=\"130\" data-end=\"318\">Wir sind eine Gemeinschaft, die leidenschaftlich daran arbeitet, den christlichen Glauben auf einfache und authentische Weise zu leben und weiterzugeben \u2013 genau wie die ersten Gl\u00e4ubigen.<\/p>\n<p style=\"text-align: center;\" data-start=\"320\" data-end=\"581\">Statt uns auf Geb\u00e4ude oder formelle Strukturen zu konzentrieren, treffen wir uns in H\u00e4usern, bauen echte Beziehungen auf, teilen unser Leben und wachsen gemeinsam im Glauben. F\u00fcr uns ist Glaube nicht nur etwas, an dem man teilnimmt \u2013 er wird jeden Tag gelebt.<\/p>\n<p style=\"text-align: center;\" data-start=\"583\" data-end=\"690\">Unsere Vision ist es, den Glauben zu seinen Wurzeln zur\u00fcckzubringen: pers\u00f6nlich, relational und lebendig.<\/p>\n<p style=\"text-align: center;\" data-start=\"692\" data-end=\"850\">Von Haus zu Haus, von Person zu Person \u2013 wir glauben, dass sich Glaube am besten durch echte Verbindungen, offene Herzen und allt\u00e4gliche Momente verbreitet.<\/p>\n<h2 data-start=\"692\" data-end=\"850\">Aktuelles<\/h2>\n<p><img loading=\"lazy\" decoding=\"async\" class=\"alignnone size-thumbnail wp-image-539\" src=\"https:\/\/www.house2house.ch\/wp-content\/uploads\/2026\/03\/WADSWORTH-Fyler_DE-150x150.png\" alt=\"\" width=\"150\" height=\"150\" \/><\/p>\n","protected":false},"excerpt":{"rendered":"<p>Willkommen auf unserer Website! Wir sind eine Gemeinschaft, die leidenschaftlich daran arbeitet, den christlichen Glauben auf einfache und authentische Weise zu leben und weiterzugeben \u2013 genau wie die ersten Gl\u00e4ubigen. Statt uns auf Geb\u00e4ude oder formelle Strukturen zu konzentrieren, treffen wir uns in H\u00e4usern, bauen echte Beziehungen auf, teilen unser Leben und wachsen gemeinsam im &hellip; <\/p>\n<p class=\"link-more\"><a href=\"https:\/\/www.house2house.ch\/?lang=de\" class=\"more-link\">Continue reading<span class=\"screen-reader-text\"> &#8220;Home &#8211; Deutsch&#8221;<\/span><\/a><\/p>\n","protected":false},"author":1,"featured_media":0,"parent":0,"menu_order":0,"comment_status":"closed","ping_status":"closed","template":"","meta":{"footnotes":""},"class_list":["post-181","page","type-page","status-publish","hentry"],"_links":{"self":[{"href":"https:\/\/www.house2house.ch\/index.php?rest_route=\/wp\/v2\/pages\/181","targetHints":{"allow":["GET"]}}],"collection":[{"href":"https:\/\/www.house2house.ch\/index.php?rest_route=\/wp\/v2\/pages"}],"about":[{"href":"https:\/\/www.house2house.ch\/index.php?rest_route=\/wp\/v2\/types\/page"}],"author":[{"embeddable":true,"href":"https:\/\/www.house2house.ch\/index.php?rest_route=\/wp\/v2\/users\/1"}],"replies":[{"embeddable":true,"href":"https:\/\/www.house2house.ch\/index.php?rest_route=%2Fwp%2Fv2%2Fcomments&post=181"}],"version-history":[{"count":10,"href":"https:\/\/www.house2house.ch\/index.php?rest_route=\/wp\/v2\/pages\/181\/revisions"}],"predecessor-version":[{"id":546,"href":"https:\/\/www.house2house.ch\/index.php?rest_route=\/wp\/v2\/pages\/181\/revisions\/546"}],"wp:attachment":[{"href":"https:\/\/www.house2house.ch\/index.php?rest_route=%2Fwp%2Fv2%2Fmedia&parent=181"}],"curies":[{"name":"wp","href":"https:\/\/api.w.org\/{rel}","templated":true}]}}