{"id":184,"date":"2026-03-23T20:21:54","date_gmt":"2026-03-23T20:21:54","guid":{"rendered":"https:\/\/www.house2house.ch\/?page_id=184"},"modified":"2026-03-28T14:01:59","modified_gmt":"2026-03-28T14:01:59","slug":"home","status":"publish","type":"page","link":"https:\/\/www.house2house.ch\/","title":{"rendered":"Home"},"content":{"rendered":"<p style=\"text-align: center;\" data-start=\"0\" data-end=\"26\"><strong><em>Bienvenue sur notre site !<\/em><\/strong><\/p>\n<p style=\"text-align: center;\" data-start=\"28\" data-end=\"196\">Nous sommes une communaut\u00e9 passionn\u00e9e par le fait de vivre et de partager la foi chr\u00e9tienne de mani\u00e8re simple et authentique \u2014 comme le faisaient les premiers croyants.<\/p>\n<p style=\"text-align: center;\" data-start=\"198\" data-end=\"527\">Au lieu de nous concentrer sur des b\u00e2timents ou des structures formelles, nous nous r\u00e9unissons dans des maisons, nous construisons de vraies relations, nous partageons la vie et grandissons ensemble dans la foi. Pour nous, la foi n\u2019est pas seulement quelque chose auquel on assiste \u2014 c\u2019est quelque chose que l\u2019on vit chaque jour.<\/p>\n<p style=\"text-align: center;\" data-start=\"529\" data-end=\"618\">Notre vision est de ramener la foi \u00e0 ses racines : personnelle, relationnelle et vivante.<\/p>\n<p style=\"text-align: center;\" data-start=\"620\" data-end=\"790\" data-is-last-node=\"\" data-is-only-node=\"\">De maison en maison, de personne \u00e0 personne, nous croyons que la foi se transmet le mieux \u00e0 travers des relations sinc\u00e8res, des c\u0153urs ouverts et les moments du quotidien.<\/p>\n<h2>Actualit\u00e9s<\/h2>\n<p><img loading=\"lazy\" decoding=\"async\" class=\"alignnone size-thumbnail wp-image-540\" src=\"https:\/\/www.house2house.ch\/wp-content\/uploads\/2026\/03\/WADSWORTH-Fyler_FR-150x150.png\" alt=\"\" width=\"150\" height=\"150\" srcset=\"https:\/\/www.house2house.ch\/wp-content\/uploads\/2026\/03\/WADSWORTH-Fyler_FR-150x150.png 150w, https:\/\/www.house2house.ch\/wp-content\/uploads\/2026\/03\/WADSWORTH-Fyler_FR-100x100.png 100w\" sizes=\"auto, (max-width: 150px) 100vw, 150px\" \/><\/p>\n","protected":false},"excerpt":{"rendered":"<p>Bienvenue sur notre site ! Nous sommes une communaut\u00e9 passionn\u00e9e par le fait de vivre et de partager la foi chr\u00e9tienne de mani\u00e8re simple et authentique \u2014 comme le faisaient les premiers croyants. Au lieu de nous concentrer sur des b\u00e2timents ou des structures formelles, nous nous r\u00e9unissons dans des maisons, nous construisons de vraies &hellip; <\/p>\n<p class=\"link-more\"><a href=\"https:\/\/www.house2house.ch\/\" class=\"more-link\">Continue reading<span class=\"screen-reader-text\"> &#8220;Home&#8221;<\/span><\/a><\/p>\n","protected":false},"author":1,"featured_media":0,"parent":0,"menu_order":0,"comment_status":"closed","ping_status":"closed","template":"","meta":{"footnotes":""},"class_list":["post-184","page","type-page","status-publish","hentry"],"_links":{"self":[{"href":"https:\/\/www.house2house.ch\/index.php?rest_route=\/wp\/v2\/pages\/184","targetHints":{"allow":["GET"]}}],"collection":[{"href":"https:\/\/www.house2house.ch\/index.php?rest_route=\/wp\/v2\/pages"}],"about":[{"href":"https:\/\/www.house2house.ch\/index.php?rest_route=\/wp\/v2\/types\/page"}],"author":[{"embeddable":true,"href":"https:\/\/www.house2house.ch\/index.php?rest_route=\/wp\/v2\/users\/1"}],"replies":[{"embeddable":true,"href":"https:\/\/www.house2house.ch\/index.php?rest_route=%2Fwp%2Fv2%2Fcomments&post=184"}],"version-history":[{"count":8,"href":"https:\/\/www.house2house.ch\/index.php?rest_route=\/wp\/v2\/pages\/184\/revisions"}],"predecessor-version":[{"id":545,"href":"https:\/\/www.house2house.ch\/index.php?rest_route=\/wp\/v2\/pages\/184\/revisions\/545"}],"wp:attachment":[{"href":"https:\/\/www.house2house.ch\/index.php?rest_route=%2Fwp%2Fv2%2Fmedia&parent=184"}],"curies":[{"name":"wp","href":"https:\/\/api.w.org\/{rel}","templated":true}]}}