{"id":197,"date":"2026-03-24T12:33:26","date_gmt":"2026-03-24T12:33:26","guid":{"rendered":"https:\/\/www.house2house.ch\/?page_id=197"},"modified":"2026-03-24T21:56:14","modified_gmt":"2026-03-24T21:56:14","slug":"qui-est-tom-wadsworth","status":"publish","type":"page","link":"https:\/\/www.house2house.ch\/?page_id=197","title":{"rendered":"Qui est Tom Wadsworth?"},"content":{"rendered":"<h1 data-start=\"73\" data-end=\"156\"><strong>Qui est Tom Wadsworth?<\/strong><\/h1>\n<p data-start=\"73\" data-end=\"156\"><img loading=\"lazy\" decoding=\"async\" class=\"aligncenter wp-image-348\" src=\"https:\/\/www.house2house.ch\/wp-content\/uploads\/2026\/03\/WhatsApp-Image-2026-03-18-at-15.39.45-200x300.jpeg\" alt=\"\" width=\"300\" height=\"450\" srcset=\"https:\/\/www.house2house.ch\/wp-content\/uploads\/2026\/03\/WhatsApp-Image-2026-03-18-at-15.39.45-200x300.jpeg 200w, https:\/\/www.house2house.ch\/wp-content\/uploads\/2026\/03\/WhatsApp-Image-2026-03-18-at-15.39.45-683x1024.jpeg 683w, https:\/\/www.house2house.ch\/wp-content\/uploads\/2026\/03\/WhatsApp-Image-2026-03-18-at-15.39.45-768x1152.jpeg 768w, https:\/\/www.house2house.ch\/wp-content\/uploads\/2026\/03\/WhatsApp-Image-2026-03-18-at-15.39.45.jpeg 1000w\" sizes=\"auto, (max-width: 300px) 100vw, 300px\" \/><\/p>\n<p data-start=\"73\" data-end=\"156\"><em>Tom Wadsworth est un conf\u00e9rencier, auteur et chercheur aux comp\u00e9tences vari\u00e9es.<\/em><\/p>\n<h2 data-start=\"158\" data-end=\"695\"><strong data-start=\"158\" data-end=\"174\">Conf\u00e9rencier<\/strong><\/h2>\n<p data-start=\"158\" data-end=\"695\">Tom intervient aupr\u00e8s de publics issus des milieux professionnels, civiques et religieux, aux \u00c9tats-Unis mais aussi au Canada et en Asie. Sa carri\u00e8re d\u2019orateur s\u2019\u00e9tend sur plus de 40 ans et repose sur un parcours diversifi\u00e9 : dix ann\u00e9es en tant que ministre du culte, dix ann\u00e9es dans la radio, ainsi que plus de 40 ans en tant que com\u00e9dien voix off. Il a particip\u00e9 \u00e0 plus de 15 000 publicit\u00e9s radio et t\u00e9l\u00e9vis\u00e9es ainsi qu\u2019\u00e0 plus de 3 000 vid\u00e9os d\u2019entreprise diffus\u00e9es dans les 50 \u00c9tats am\u00e9ricains et \u00e0 l\u2019international.<\/p>\n<h2 data-start=\"697\" data-end=\"1118\"><strong data-start=\"697\" data-end=\"710\">Formation<\/strong><\/h2>\n<p data-start=\"697\" data-end=\"1118\">Il a obtenu un doctorat en Nouveau Testament au Midwestern Baptist Theological Seminary \u00e0 Kansas City (Missouri) en 2022, ainsi qu\u2019un Master of Theology en th\u00e9ologie biblique dans le m\u00eame \u00e9tablissement. Il est \u00e9galement titulaire d\u2019un Master of Theology (MDiv) obtenu en 1977 \u00e0 la Harding School of Theology \u00e0 Memphis (Tennessee), et d\u2019une licence en \u00e9tudes bibliques obtenue en 1974 \u00e0 Harding University.<\/p>\n<h2 data-start=\"1120\" data-end=\"1590\"><strong data-start=\"1120\" data-end=\"1130\">Auteur<\/strong><\/h2>\n<p data-start=\"1120\" data-end=\"1590\">Tom a publi\u00e9 des centaines d\u2019articles \u00e0 l\u2019\u00e9chelle nationale, notamment gr\u00e2ce \u00e0 ses 20 ann\u00e9es pass\u00e9es en tant que r\u00e9dacteur en chef d\u2019un magazine professionnel national. En 2016, il a \u00e9t\u00e9 r\u00e9compens\u00e9 par l\u2019American Society of Business Publication Editors, recevant notamment une m\u00e9daille d\u2019or en journalisme d\u2019investigation ainsi que le Stephen Barr Award pour le meilleur article de fond, consid\u00e9r\u00e9 comme la distinction la plus prestigieuse des AZBEE Awards.<\/p>\n<h2 data-start=\"1120\" data-end=\"1590\"><strong data-start=\"1592\" data-end=\"1605\">B\u00e9n\u00e9volat<\/strong><\/h2>\n<p data-start=\"1120\" data-end=\"1590\">Son engagement b\u00e9n\u00e9vole s\u2019\u00e9tend sur plus de 40 ans et inclut de nombreuses organisations, telles que United Way of Lee County, le Village of Progress dans le comt\u00e9 d\u2019Ogle, ainsi que la Dixon Public Schools Foundation. En 1997, il a fond\u00e9 le Dixon Stupor Bowl, un \u00e9v\u00e9nement de collecte de fonds pour les \u00e9coles locales. En 2025, il a \u00e9t\u00e9 nomm\u00e9 b\u00e9n\u00e9vole de l\u2019ann\u00e9e par le Scripps National Spelling Bee.<\/p>\n","protected":false},"excerpt":{"rendered":"<p>Qui est Tom Wadsworth? Tom Wadsworth est un conf\u00e9rencier, auteur et chercheur aux comp\u00e9tences vari\u00e9es. Conf\u00e9rencier Tom intervient aupr\u00e8s de publics issus des milieux professionnels, civiques et religieux, aux \u00c9tats-Unis mais aussi au Canada et en Asie. Sa carri\u00e8re d\u2019orateur s\u2019\u00e9tend sur plus de 40 ans et repose sur un parcours diversifi\u00e9 : dix ann\u00e9es &hellip; <\/p>\n<p class=\"link-more\"><a href=\"https:\/\/www.house2house.ch\/?page_id=197\" class=\"more-link\">Continue reading<span class=\"screen-reader-text\"> &#8220;Qui est Tom Wadsworth?&#8221;<\/span><\/a><\/p>\n","protected":false},"author":2,"featured_media":0,"parent":0,"menu_order":0,"comment_status":"closed","ping_status":"closed","template":"","meta":{"footnotes":""},"class_list":["post-197","page","type-page","status-publish","hentry"],"_links":{"self":[{"href":"https:\/\/www.house2house.ch\/index.php?rest_route=\/wp\/v2\/pages\/197","targetHints":{"allow":["GET"]}}],"collection":[{"href":"https:\/\/www.house2house.ch\/index.php?rest_route=\/wp\/v2\/pages"}],"about":[{"href":"https:\/\/www.house2house.ch\/index.php?rest_route=\/wp\/v2\/types\/page"}],"author":[{"embeddable":true,"href":"https:\/\/www.house2house.ch\/index.php?rest_route=\/wp\/v2\/users\/2"}],"replies":[{"embeddable":true,"href":"https:\/\/www.house2house.ch\/index.php?rest_route=%2Fwp%2Fv2%2Fcomments&post=197"}],"version-history":[{"count":6,"href":"https:\/\/www.house2house.ch\/index.php?rest_route=\/wp\/v2\/pages\/197\/revisions"}],"predecessor-version":[{"id":474,"href":"https:\/\/www.house2house.ch\/index.php?rest_route=\/wp\/v2\/pages\/197\/revisions\/474"}],"wp:attachment":[{"href":"https:\/\/www.house2house.ch\/index.php?rest_route=%2Fwp%2Fv2%2Fmedia&parent=197"}],"curies":[{"name":"wp","href":"https:\/\/api.w.org\/{rel}","templated":true}]}}