{"id":205,"date":"2026-03-24T13:23:33","date_gmt":"2026-03-24T13:23:33","guid":{"rendered":"https:\/\/www.house2house.ch\/?page_id=205"},"modified":"2026-03-24T20:18:23","modified_gmt":"2026-03-24T20:18:23","slug":"wer-ist-tom-wadsworth","status":"publish","type":"page","link":"https:\/\/www.house2house.ch\/?page_id=205&lang=de","title":{"rendered":"Wer ist Dr Tom Wadsworth?"},"content":{"rendered":"<h1 data-start=\"83\" data-end=\"109\"><strong data-start=\"83\" data-end=\"109\">Wer ist Tom Wadsworth?<\/strong><\/h1>\n<p data-start=\"111\" data-end=\"218\"><img loading=\"lazy\" decoding=\"async\" class=\"wp-image-348 aligncenter\" src=\"https:\/\/www.house2house.ch\/wp-content\/uploads\/2026\/03\/WhatsApp-Image-2026-03-18-at-15.39.45-200x300.jpeg\" alt=\"\" width=\"300\" height=\"450\" srcset=\"https:\/\/www.house2house.ch\/wp-content\/uploads\/2026\/03\/WhatsApp-Image-2026-03-18-at-15.39.45-200x300.jpeg 200w, https:\/\/www.house2house.ch\/wp-content\/uploads\/2026\/03\/WhatsApp-Image-2026-03-18-at-15.39.45-683x1024.jpeg 683w, https:\/\/www.house2house.ch\/wp-content\/uploads\/2026\/03\/WhatsApp-Image-2026-03-18-at-15.39.45-768x1152.jpeg 768w, https:\/\/www.house2house.ch\/wp-content\/uploads\/2026\/03\/WhatsApp-Image-2026-03-18-at-15.39.45.jpeg 1000w\" sizes=\"auto, (max-width: 300px) 100vw, 300px\" \/><\/p>\n<p data-start=\"111\" data-end=\"218\"><em>Tom Wadsworth ist ein Redner, Autor und Wissenschaftler mit einem vielseitigen beruflichen Hintergrund.<\/em><\/p>\n<h2 data-start=\"220\" data-end=\"731\"><strong data-start=\"220\" data-end=\"230\">Redner<\/strong><\/h2>\n<p data-start=\"220\" data-end=\"731\">Tom spricht vor Unternehmens-, gesellschaftlichen und kirchlichen Zielgruppen in den gesamten USA sowie in Kanada und Asien. Seine \u00fcber 40-j\u00e4hrige Erfahrung als Redner basiert auf einer breit gef\u00e4cherten Laufbahn: zehn Jahre als Prediger, zehn Jahre im Radio und mehr als vier Jahrzehnte als professionelle Stimme. In dieser Zeit wirkte er an \u00fcber 15.000 Radio- und Fernsehspots sowie an mehr als 3.000 Unternehmensvideos mit, die in allen 50 US-Bundesstaaten und international ausgestrahlt wurden.<\/p>\n<h2 data-start=\"733\" data-end=\"1133\"><strong data-start=\"733\" data-end=\"747\">Ausbildung<\/strong><\/h2>\n<p data-start=\"733\" data-end=\"1133\">Er promovierte 2022 im Fach Neues Testament am Midwestern Baptist Theological Seminary in Kansas City (Missouri) und erwarb dort ebenfalls einen Master of Theology in Biblischer Theologie. Zuvor absolvierte er 1977 ein Theologiestudium (MDiv) an der Harding School of Theology in Memphis (Tennessee) sowie 1974 einen Bachelorabschluss in Biblischen Studien an der Harding University.<\/p>\n<h2 data-start=\"1135\" data-end=\"1601\"><strong data-start=\"1135\" data-end=\"1144\">Autor<\/strong><\/h2>\n<p data-start=\"1135\" data-end=\"1601\">Tom ver\u00f6ffentlichte landesweit Hunderte von Artikeln, was auch auf seine 20-j\u00e4hrige T\u00e4tigkeit als Chefredakteur einer nationalen Fachzeitschrift zur\u00fcckzuf\u00fchren ist. Im Jahr 2016 wurde er von der American Society of Business Publication Editors ausgezeichnet und erhielt unter anderem eine Goldmedaille f\u00fcr investigativen Journalismus sowie den Stephen Barr Award f\u00fcr herausragenden Feature-Journalismus, eine der h\u00f6chsten Auszeichnungen der AZBEE Awards.<\/p>\n<h2 data-start=\"1603\" data-end=\"2021\"><strong data-start=\"1603\" data-end=\"1632\">Ehrenamtliches Engagement<\/strong><\/h2>\n<p data-start=\"1603\" data-end=\"2021\">Seit \u00fcber 40 Jahren engagiert er sich ehrenamtlich in verschiedenen Organisationen, darunter United Way of Lee County, das Village of Progress im Ogle County sowie die Dixon Public Schools Foundation. 1997 rief er den \u201eDixon Stupor Bowl\u201c ins Leben, eine Spendenaktion zugunsten lokaler Schulen. Im Jahr 2025 wurde er vom Scripps National Spelling Bee als \u201eVolunteer of the Year\u201c geehrt.<\/p>\n","protected":false},"excerpt":{"rendered":"<p>Wer ist Tom Wadsworth? Tom Wadsworth ist ein Redner, Autor und Wissenschaftler mit einem vielseitigen beruflichen Hintergrund. Redner Tom spricht vor Unternehmens-, gesellschaftlichen und kirchlichen Zielgruppen in den gesamten USA sowie in Kanada und Asien. Seine \u00fcber 40-j\u00e4hrige Erfahrung als Redner basiert auf einer breit gef\u00e4cherten Laufbahn: zehn Jahre als Prediger, zehn Jahre im Radio &hellip; <\/p>\n<p class=\"link-more\"><a href=\"https:\/\/www.house2house.ch\/?page_id=205&#038;lang=de\" class=\"more-link\">Continue reading<span class=\"screen-reader-text\"> &#8220;Wer ist Dr Tom Wadsworth?&#8221;<\/span><\/a><\/p>\n","protected":false},"author":2,"featured_media":0,"parent":0,"menu_order":0,"comment_status":"closed","ping_status":"closed","template":"","meta":{"footnotes":""},"class_list":["post-205","page","type-page","status-publish","hentry"],"_links":{"self":[{"href":"https:\/\/www.house2house.ch\/index.php?rest_route=\/wp\/v2\/pages\/205","targetHints":{"allow":["GET"]}}],"collection":[{"href":"https:\/\/www.house2house.ch\/index.php?rest_route=\/wp\/v2\/pages"}],"about":[{"href":"https:\/\/www.house2house.ch\/index.php?rest_route=\/wp\/v2\/types\/page"}],"author":[{"embeddable":true,"href":"https:\/\/www.house2house.ch\/index.php?rest_route=\/wp\/v2\/users\/2"}],"replies":[{"embeddable":true,"href":"https:\/\/www.house2house.ch\/index.php?rest_route=%2Fwp%2Fv2%2Fcomments&post=205"}],"version-history":[{"count":4,"href":"https:\/\/www.house2house.ch\/index.php?rest_route=\/wp\/v2\/pages\/205\/revisions"}],"predecessor-version":[{"id":387,"href":"https:\/\/www.house2house.ch\/index.php?rest_route=\/wp\/v2\/pages\/205\/revisions\/387"}],"wp:attachment":[{"href":"https:\/\/www.house2house.ch\/index.php?rest_route=%2Fwp%2Fv2%2Fmedia&parent=205"}],"curies":[{"name":"wp","href":"https:\/\/api.w.org\/{rel}","templated":true}]}}