{"id":234,"date":"2026-03-24T15:15:27","date_gmt":"2026-03-24T15:15:27","guid":{"rendered":"https:\/\/www.house2house.ch\/?page_id=234"},"modified":"2026-03-24T20:35:24","modified_gmt":"2026-03-24T20:35:24","slug":"a-propos-de-nous","status":"publish","type":"page","link":"https:\/\/www.house2house.ch\/?page_id=234","title":{"rendered":"Qui sommes-nous?"},"content":{"rendered":"<h1 data-start=\"72\" data-end=\"272\">Qui sommes nous?<\/h1>\n<p data-start=\"72\" data-end=\"272\">Nous sommes une communaut\u00e9 anim\u00e9e par une vision simple et intemporelle: vivre et partager la foi chr\u00e9tienne telle qu\u2019elle \u00e9tait au commencement \u2014 authentique, relationnelle et proche du quotidien.<\/p>\n<p data-start=\"274\" data-end=\"665\">Dans les premiers si\u00e8cles apr\u00e8s J\u00e9sus-Christ, les croyants ne se rassemblaient pas dans de grands b\u00e2timents ou des institutions formelles. Ils se rencontraient chez eux, partageaient des repas, priaient ensemble et se soutenaient mutuellement comme une famille. La foi n\u2019\u00e9tait pas quelque chose de distant ou r\u00e9serv\u00e9 \u00e0 des lieux sp\u00e9ciaux \u2014 elle se vivait au quotidien, de maison en maison.<\/p>\n<p data-start=\"667\" data-end=\"1061\">Inspir\u00e9s par ce mod\u00e8le, nous cherchons \u00e0 red\u00e9couvrir une mani\u00e8re de vivre la foi qui soit personnelle, sinc\u00e8re et enracin\u00e9e dans de v\u00e9ritables relations. Nous croyons que la transformation r\u00e9elle ne se produit pas seulement par les paroles, mais \u00e0 travers des vies partag\u00e9es \u2014 par des conversations autour d\u2019une table, des moments de pri\u00e8re et une attention sinc\u00e8re les uns envers les autres.<\/p>\n<p data-start=\"1063\" data-end=\"1133\">Notre mission est de rendre la foi \u00e0 nouveau accessible et vivante :<\/p>\n<p style=\"text-align: center;\"><em>Personnelle plut\u00f4t que distante<\/em><br \/>\n<em>Relationnelle plut\u00f4t qu\u2019institutionnelle<\/em><br \/>\n<em>Active plut\u00f4t que passive<\/em><\/p>\n<p data-start=\"1247\" data-end=\"1512\">Nous ne sommes pas centr\u00e9s sur des b\u00e2timents, mais sur les personnes. Pas sur la performance, mais sur la participation. Chaque maison devient un lieu d\u2019accueil, chaque rencontre une occasion de grandir, et chaque personne une partie essentielle de la communaut\u00e9.<\/p>\n<p data-start=\"1514\" data-end=\"1805\">Tout comme les premiers chr\u00e9tiens ont cr\u00e9\u00e9 des espaces d\u2019appartenance, d\u2019encouragement et de croissance spirituelle au sein de leurs foyers, nous visons \u00e0 faire de m\u00eame aujourd\u2019hui \u2014 en ramenant la foi dans la vie quotidienne et en la partageant naturellement avec ceux qui nous entourent.<\/p>\n<p data-start=\"1807\" data-end=\"1959\">Nous croyons que lorsque la foi est v\u00e9cue simplement et authentiquement, elle se transmet naturellement \u2014 de personne \u00e0 personne, de maison en maison.<\/p>\n","protected":false},"excerpt":{"rendered":"<p>Qui sommes nous? Nous sommes une communaut\u00e9 anim\u00e9e par une vision simple et intemporelle: vivre et partager la foi chr\u00e9tienne telle qu\u2019elle \u00e9tait au commencement \u2014 authentique, relationnelle et proche du quotidien. Dans les premiers si\u00e8cles apr\u00e8s J\u00e9sus-Christ, les croyants ne se rassemblaient pas dans de grands b\u00e2timents ou des institutions formelles. Ils se rencontraient &hellip; <\/p>\n<p class=\"link-more\"><a href=\"https:\/\/www.house2house.ch\/?page_id=234\" class=\"more-link\">Continue reading<span class=\"screen-reader-text\"> &#8220;Qui sommes-nous?&#8221;<\/span><\/a><\/p>\n","protected":false},"author":2,"featured_media":0,"parent":0,"menu_order":0,"comment_status":"closed","ping_status":"closed","template":"","meta":{"footnotes":""},"class_list":["post-234","page","type-page","status-publish","hentry"],"_links":{"self":[{"href":"https:\/\/www.house2house.ch\/index.php?rest_route=\/wp\/v2\/pages\/234","targetHints":{"allow":["GET"]}}],"collection":[{"href":"https:\/\/www.house2house.ch\/index.php?rest_route=\/wp\/v2\/pages"}],"about":[{"href":"https:\/\/www.house2house.ch\/index.php?rest_route=\/wp\/v2\/types\/page"}],"author":[{"embeddable":true,"href":"https:\/\/www.house2house.ch\/index.php?rest_route=\/wp\/v2\/users\/2"}],"replies":[{"embeddable":true,"href":"https:\/\/www.house2house.ch\/index.php?rest_route=%2Fwp%2Fv2%2Fcomments&post=234"}],"version-history":[{"count":9,"href":"https:\/\/www.house2house.ch\/index.php?rest_route=\/wp\/v2\/pages\/234\/revisions"}],"predecessor-version":[{"id":408,"href":"https:\/\/www.house2house.ch\/index.php?rest_route=\/wp\/v2\/pages\/234\/revisions\/408"}],"wp:attachment":[{"href":"https:\/\/www.house2house.ch\/index.php?rest_route=%2Fwp%2Fv2%2Fmedia&parent=234"}],"curies":[{"name":"wp","href":"https:\/\/api.w.org\/{rel}","templated":true}]}}