{"id":249,"date":"2026-03-24T16:08:21","date_gmt":"2026-03-24T16:08:21","guid":{"rendered":"https:\/\/www.house2house.ch\/?page_id=249"},"modified":"2026-03-28T13:51:00","modified_gmt":"2026-03-28T13:51:00","slug":"informations-pratiques","status":"publish","type":"page","link":"https:\/\/www.house2house.ch\/?page_id=249","title":{"rendered":"Informations pratiques"},"content":{"rendered":"<h1 data-start=\"119\" data-end=\"299\">Informations pratiques<\/h1>\n<p data-start=\"119\" data-end=\"299\">Nous avons le plaisir d\u2019annoncer une s\u00e9rie de r\u00e9unions qui se tiendront du vendredi 28 ao\u00fbt 2026 au dimanche 6 septembre 2026, en Suisse (lieu exact communiqu\u00e9 ult\u00e9rieurement).<\/p>\n<p data-start=\"301\" data-end=\"387\">Cet \u00e9v\u00e9nement aura l\u2019honneur d\u2019accueillir comme invit\u00e9 principal Dr Tom Wadsworth.<\/p>\n<p>Chaque journ\u00e9e sera rythm\u00e9e par trois sessions :<\/p>\n<ul>\n<li style=\"list-style-type: none;\">\n<ul>\n<li style=\"list-style-type: none;\">\n<ul>\n<li style=\"list-style-type: none;\">\n<ul>\n<li style=\"list-style-type: none;\">\n<ul>\n<li>de 8h00 \u00e0 11h45<\/li>\n<li>de 14h00 \u00e0 16h00<\/li>\n<li>de 20h00 \u00e0 22h00<\/li>\n<\/ul>\n<\/li>\n<\/ul>\n<\/li>\n<\/ul>\n<\/li>\n<\/ul>\n<\/li>\n<\/ul>\n<p data-start=\"507\" data-end=\"598\">Une possibilit\u00e9 d\u2019h\u00e9bergement ainsi que de restauration sera propos\u00e9e aux participants.<\/p>\n<p data-start=\"507\" data-end=\"598\"><strong><em>Plus d\u2019informations suivront prochainement.<\/em><\/strong><\/p>\n","protected":false},"excerpt":{"rendered":"<p>Informations pratiques Nous avons le plaisir d\u2019annoncer une s\u00e9rie de r\u00e9unions qui se tiendront du vendredi 28 ao\u00fbt 2026 au dimanche 6 septembre 2026, en Suisse (lieu exact communiqu\u00e9 ult\u00e9rieurement). Cet \u00e9v\u00e9nement aura l\u2019honneur d\u2019accueillir comme invit\u00e9 principal Dr Tom Wadsworth. Chaque journ\u00e9e sera rythm\u00e9e par trois sessions : de 8h00 \u00e0 11h45 de 14h00 &hellip; <\/p>\n<p class=\"link-more\"><a href=\"https:\/\/www.house2house.ch\/?page_id=249\" class=\"more-link\">Continue reading<span class=\"screen-reader-text\"> &#8220;Informations pratiques&#8221;<\/span><\/a><\/p>\n","protected":false},"author":2,"featured_media":0,"parent":0,"menu_order":0,"comment_status":"closed","ping_status":"closed","template":"","meta":{"footnotes":""},"class_list":["post-249","page","type-page","status-publish","hentry"],"_links":{"self":[{"href":"https:\/\/www.house2house.ch\/index.php?rest_route=\/wp\/v2\/pages\/249","targetHints":{"allow":["GET"]}}],"collection":[{"href":"https:\/\/www.house2house.ch\/index.php?rest_route=\/wp\/v2\/pages"}],"about":[{"href":"https:\/\/www.house2house.ch\/index.php?rest_route=\/wp\/v2\/types\/page"}],"author":[{"embeddable":true,"href":"https:\/\/www.house2house.ch\/index.php?rest_route=\/wp\/v2\/users\/2"}],"replies":[{"embeddable":true,"href":"https:\/\/www.house2house.ch\/index.php?rest_route=%2Fwp%2Fv2%2Fcomments&post=249"}],"version-history":[{"count":4,"href":"https:\/\/www.house2house.ch\/index.php?rest_route=\/wp\/v2\/pages\/249\/revisions"}],"predecessor-version":[{"id":483,"href":"https:\/\/www.house2house.ch\/index.php?rest_route=\/wp\/v2\/pages\/249\/revisions\/483"}],"wp:attachment":[{"href":"https:\/\/www.house2house.ch\/index.php?rest_route=%2Fwp%2Fv2%2Fmedia&parent=249"}],"curies":[{"name":"wp","href":"https:\/\/api.w.org\/{rel}","templated":true}]}}