{"id":261,"date":"2026-03-24T18:24:23","date_gmt":"2026-03-24T18:24:23","guid":{"rendered":"https:\/\/www.house2house.ch\/?page_id=261"},"modified":"2026-03-24T18:35:43","modified_gmt":"2026-03-24T18:35:43","slug":"de-maisonnee-en-maisonnee-2","status":"publish","type":"page","link":"https:\/\/www.house2house.ch\/?page_id=261","title":{"rendered":"De maisonn\u00e9e en maisonn\u00e9e"},"content":{"rendered":"<h1 data-start=\"218\" data-end=\"407\">De maisonn\u00e9e en maisonn\u00e9e<\/h1>\n<p style=\"text-align: center;\" data-start=\"0\" data-end=\"68\">\u00ab <em>Saluez l\u2019\u00c9glise qui se r\u00e9unit dans leur maison.<\/em> \u00bb<br data-start=\"51\" data-end=\"54\" \/>(Romains 16:5)<\/p>\n<p style=\"text-align: center;\" data-start=\"70\" data-end=\"149\">\u00ab <em>L\u2019\u00c9glise qui se r\u00e9unit dans leur maison vous salue.<\/em> \u00bb<br data-start=\"125\" data-end=\"128\" \/>(1 Corinthiens 16:19)<\/p>\n<p style=\"text-align: center;\" data-start=\"151\" data-end=\"216\">\u00ab <em>Saluez l\u2019\u00c9glise qui est dans leur maison.<\/em> \u00bb<br data-start=\"196\" data-end=\"199\" \/>(Colossiens 4:15)<\/p>\n<p style=\"text-align: center;\" data-start=\"218\" data-end=\"407\">\u00ab <em>Chaque jour, d\u2019un commun accord, ils se retrouvaient dans le temple ; ils rompaient le pain dans les maisons et prenaient leur nourriture avec joie et simplicit\u00e9 de c\u0153ur.<\/em> \u00bb<br data-start=\"392\" data-end=\"395\" \/>(Actes 2:46)<\/p>\n<h2 data-start=\"409\" data-end=\"446\"><strong data-start=\"409\" data-end=\"424\">De maisonn\u00e9e en maisonn\u00e9e<\/strong><\/h2>\n<p data-start=\"448\" data-end=\"742\">House2House est une communaut\u00e9 o\u00f9 chaque maison devient un lieu de louange, d\u2019enseignement et de partage. Inspir\u00e9s par l\u2019esprit des premi\u00e8res communaut\u00e9s chr\u00e9tiennes, nous croyons que la vie spirituelle se vit pleinement de maison en maison, au rythme des foyers et des rencontres authentiques.<\/p>\n<p data-start=\"744\" data-end=\"1184\">Nos groupes de discussion et nos temps de rencontre offrent \u00e0 chacun l\u2019occasion de s\u2019exprimer, d\u2019apprendre et de b\u00e9n\u00e9ficier de l\u2019exp\u00e9rience des autres. \u00c0 travers nos c\u00e9l\u00e9brations et nos moments de louange, nous prenons le temps d\u2019adorer ensemble, de fortifier notre foi et de go\u00fbter \u00e0 la joie de la communion fraternelle. Les retraites proposent des temps de r\u00e9flexion et de ressourcement, permettant \u00e0 chacun et \u00e0 la communaut\u00e9 de grandir.<\/p>\n<p data-start=\"1186\" data-end=\"1467\">Chaque maison devient ainsi un espace vivant o\u00f9 l\u2019enseignement est partag\u00e9, la Parole est \u00e9chang\u00e9e et la louange unit les foyers dans la confiance et la communion. House2House est une communaut\u00e9 ouverte et dynamique, o\u00f9 la foi se vit concr\u00e8tement et avec joie, de maison en maison.<\/p>\n<p data-start=\"1469\" data-end=\"1657\">Venez d\u00e9couvrir la richesse d\u2019une communaut\u00e9 o\u00f9 les maisons deviennent des lieux de rencontre, d\u2019apprentissage et de louange, et o\u00f9 chaque rassemblement nourrit la vie spirituelle de tous.<\/p>\n<h2 data-start=\"1659\" data-end=\"1708\"><strong data-start=\"1659\" data-end=\"1680\">Groupes de maison<\/strong><\/h2>\n<p>Les groupes de maison se rencontrent \u00e0 La Conversion (VD) \u00e0 raison d&#8217;une fois par semaine, habituellement le mardi soir ou le vendredi soir d\u00e8s 19h00.<\/p>\n<p>&nbsp;<\/p>\n","protected":false},"excerpt":{"rendered":"<p>De maisonn\u00e9e en maisonn\u00e9e \u00ab Saluez l\u2019\u00c9glise qui se r\u00e9unit dans leur maison. \u00bb(Romains 16:5) \u00ab L\u2019\u00c9glise qui se r\u00e9unit dans leur maison vous salue. \u00bb(1 Corinthiens 16:19) \u00ab Saluez l\u2019\u00c9glise qui est dans leur maison. \u00bb(Colossiens 4:15) \u00ab Chaque jour, d\u2019un commun accord, ils se retrouvaient dans le temple ; ils rompaient le pain &hellip; <\/p>\n<p class=\"link-more\"><a href=\"https:\/\/www.house2house.ch\/?page_id=261\" class=\"more-link\">Continue reading<span class=\"screen-reader-text\"> &#8220;De maisonn\u00e9e en maisonn\u00e9e&#8221;<\/span><\/a><\/p>\n","protected":false},"author":2,"featured_media":0,"parent":0,"menu_order":0,"comment_status":"closed","ping_status":"closed","template":"","meta":{"footnotes":""},"class_list":["post-261","page","type-page","status-publish","hentry"],"_links":{"self":[{"href":"https:\/\/www.house2house.ch\/index.php?rest_route=\/wp\/v2\/pages\/261","targetHints":{"allow":["GET"]}}],"collection":[{"href":"https:\/\/www.house2house.ch\/index.php?rest_route=\/wp\/v2\/pages"}],"about":[{"href":"https:\/\/www.house2house.ch\/index.php?rest_route=\/wp\/v2\/types\/page"}],"author":[{"embeddable":true,"href":"https:\/\/www.house2house.ch\/index.php?rest_route=\/wp\/v2\/users\/2"}],"replies":[{"embeddable":true,"href":"https:\/\/www.house2house.ch\/index.php?rest_route=%2Fwp%2Fv2%2Fcomments&post=261"}],"version-history":[{"count":3,"href":"https:\/\/www.house2house.ch\/index.php?rest_route=\/wp\/v2\/pages\/261\/revisions"}],"predecessor-version":[{"id":267,"href":"https:\/\/www.house2house.ch\/index.php?rest_route=\/wp\/v2\/pages\/261\/revisions\/267"}],"wp:attachment":[{"href":"https:\/\/www.house2house.ch\/index.php?rest_route=%2Fwp%2Fv2%2Fmedia&parent=261"}],"curies":[{"name":"wp","href":"https:\/\/api.w.org\/{rel}","templated":true}]}}