{"id":271,"date":"2026-03-24T18:39:38","date_gmt":"2026-03-24T18:39:38","guid":{"rendered":"https:\/\/www.house2house.ch\/?page_id=271"},"modified":"2026-03-24T18:42:45","modified_gmt":"2026-03-24T18:42:45","slug":"la-revelation","status":"publish","type":"page","link":"https:\/\/www.house2house.ch\/?page_id=271","title":{"rendered":"La R\u00e9v\u00e9lation"},"content":{"rendered":"<h1><strong data-start=\"222\" data-end=\"250\">La R\u00e9v\u00e9lation<\/strong><\/h1>\n<p data-start=\"63\" data-end=\"189\"><img loading=\"lazy\" decoding=\"async\" class=\"aligncenter wp-image-146 size-full\" src=\"https:\/\/www.house2house.ch\/wp-content\/uploads\/2026\/03\/DOC-20240115-WA0011-1.png\" alt=\"\" width=\"2496\" height=\"1752\" srcset=\"https:\/\/www.house2house.ch\/wp-content\/uploads\/2026\/03\/DOC-20240115-WA0011-1.png 2496w, https:\/\/www.house2house.ch\/wp-content\/uploads\/2026\/03\/DOC-20240115-WA0011-1-300x211.png 300w, https:\/\/www.house2house.ch\/wp-content\/uploads\/2026\/03\/DOC-20240115-WA0011-1-1024x719.png 1024w, https:\/\/www.house2house.ch\/wp-content\/uploads\/2026\/03\/DOC-20240115-WA0011-1-768x539.png 768w, https:\/\/www.house2house.ch\/wp-content\/uploads\/2026\/03\/DOC-20240115-WA0011-1-1536x1078.png 1536w, https:\/\/www.house2house.ch\/wp-content\/uploads\/2026\/03\/DOC-20240115-WA0011-1-2048x1438.png 2048w\" sizes=\"auto, (max-width: 706px) 89vw, (max-width: 767px) 82vw, 740px\" \/><\/p>\n<p data-start=\"63\" data-end=\"189\">Le <em>Plan de la R\u00e9v\u00e9lation<\/em> est un cadre con\u00e7u pour montrer comment le message de la Bible s\u2019assemble en un tout coh\u00e9rent.<\/p>\n<p data-start=\"191\" data-end=\"442\">Plut\u00f4t que d\u2019aborder les \u00c9critures comme une collection d\u2019histoires ou d\u2019id\u00e9es s\u00e9par\u00e9es, cette carte met en lumi\u00e8re les liens profonds qui existent entre elles \u2014 r\u00e9v\u00e9lant une narration unifi\u00e9e et une logique constante derri\u00e8re la r\u00e9v\u00e9lation de Dieu.<\/p>\n<p data-start=\"444\" data-end=\"613\">Elle aide \u00e0 comprendre les th\u00e8mes cl\u00e9s, montrant comment ils se construisent les uns sur les autres et comment ils fa\u00e7onnent notre compr\u00e9hension de la foi aujourd\u2019hui.<\/p>\n<p data-start=\"615\" data-end=\"729\">Il ne s\u2019agit pas d\u2019ajouter quelque chose de nouveau au message, mais de voir clairement ce qui est d\u00e9j\u00e0 pr\u00e9sent.<\/p>\n<p data-start=\"731\" data-end=\"786\">Gr\u00e2ce \u00e0 la Carte de la R\u00e9v\u00e9lation, nous cherchons \u00e0 :<\/p>\n<ul>\n<li style=\"list-style-type: none;\">\n<ul>\n<li style=\"list-style-type: none;\">\n<ul>\n<li>apporter de la clart\u00e9 dans des passages complexes<\/li>\n<li>r\u00e9v\u00e9ler les connexions \u00e0 travers toute la Bible<\/li>\n<li>fournir une m\u00e9thode structur\u00e9e pour comprendre la r\u00e9v\u00e9lation de Dieu<\/li>\n<li>aider les autres \u00e0 saisir la vision d\u2019ensemble de la foi<\/li>\n<\/ul>\n<\/li>\n<\/ul>\n<\/li>\n<\/ul>\n<p data-start=\"1028\" data-end=\"1154\">C\u2019est un outil pour guider la compr\u00e9hension \u2014 un moyen de voir comment tout est connect\u00e9 et pourquoi cela a de l\u2019importance.<\/p>\n<p data-start=\"1156\" data-end=\"1207\">Un message. Une histoire. Clairement r\u00e9v\u00e9l\u00e9e.<\/p>\n","protected":false},"excerpt":{"rendered":"<p>La R\u00e9v\u00e9lation Le Plan de la R\u00e9v\u00e9lation est un cadre con\u00e7u pour montrer comment le message de la Bible s\u2019assemble en un tout coh\u00e9rent. Plut\u00f4t que d\u2019aborder les \u00c9critures comme une collection d\u2019histoires ou d\u2019id\u00e9es s\u00e9par\u00e9es, cette carte met en lumi\u00e8re les liens profonds qui existent entre elles \u2014 r\u00e9v\u00e9lant une narration unifi\u00e9e et une &hellip; <\/p>\n<p class=\"link-more\"><a href=\"https:\/\/www.house2house.ch\/?page_id=271\" class=\"more-link\">Continue reading<span class=\"screen-reader-text\"> &#8220;La R\u00e9v\u00e9lation&#8221;<\/span><\/a><\/p>\n","protected":false},"author":2,"featured_media":0,"parent":0,"menu_order":0,"comment_status":"closed","ping_status":"closed","template":"","meta":{"footnotes":""},"class_list":["post-271","page","type-page","status-publish","hentry"],"_links":{"self":[{"href":"https:\/\/www.house2house.ch\/index.php?rest_route=\/wp\/v2\/pages\/271","targetHints":{"allow":["GET"]}}],"collection":[{"href":"https:\/\/www.house2house.ch\/index.php?rest_route=\/wp\/v2\/pages"}],"about":[{"href":"https:\/\/www.house2house.ch\/index.php?rest_route=\/wp\/v2\/types\/page"}],"author":[{"embeddable":true,"href":"https:\/\/www.house2house.ch\/index.php?rest_route=\/wp\/v2\/users\/2"}],"replies":[{"embeddable":true,"href":"https:\/\/www.house2house.ch\/index.php?rest_route=%2Fwp%2Fv2%2Fcomments&post=271"}],"version-history":[{"count":5,"href":"https:\/\/www.house2house.ch\/index.php?rest_route=\/wp\/v2\/pages\/271\/revisions"}],"predecessor-version":[{"id":273,"href":"https:\/\/www.house2house.ch\/index.php?rest_route=\/wp\/v2\/pages\/271\/revisions\/273"}],"wp:attachment":[{"href":"https:\/\/www.house2house.ch\/index.php?rest_route=%2Fwp%2Fv2%2Fmedia&parent=271"}],"curies":[{"name":"wp","href":"https:\/\/api.w.org\/{rel}","templated":true}]}}