{"id":301,"date":"2026-03-24T19:29:36","date_gmt":"2026-03-24T19:29:36","guid":{"rendered":"https:\/\/www.house2house.ch\/?page_id=301"},"modified":"2026-03-24T20:36:42","modified_gmt":"2026-03-24T20:36:42","slug":"ueber-uns","status":"publish","type":"page","link":"https:\/\/www.house2house.ch\/?page_id=301&lang=de","title":{"rendered":"\u00dcber uns"},"content":{"rendered":"<h1 data-start=\"91\" data-end=\"302\">\u00dcber uns<\/h1>\n<p data-start=\"91\" data-end=\"302\">Wir sind eine Gemeinschaft, die von einer einfachen und zeitlosen Vision geleitet wird: den christlichen Glauben so zu leben und weiterzugeben, wie er am Anfang war \u2013 authentisch, relational und nah am Alltag.<\/p>\n<p data-start=\"304\" data-end=\"652\">In den ersten Jahrhunderten nach Jesus Christus trafen sich Gl\u00e4ubige nicht in gro\u00dfen Geb\u00e4uden oder formellen Institutionen. Sie kamen in H\u00e4usern zusammen, teilten Mahlzeiten, beteten gemeinsam und unterst\u00fctzten einander wie eine Familie. Glaube war nichts Entferntes oder auf besondere Orte beschr\u00e4nkt \u2013 er wurde t\u00e4glich gelebt, von Haus zu Haus.<\/p>\n<p data-start=\"654\" data-end=\"991\">Von diesem Modell inspiriert, wollen wir eine Art des Glaubenslebens wiederentdecken, die pers\u00f6nlich, aufrichtig und in echten Beziehungen verwurzelt ist. Wir glauben, dass wahre Transformation nicht nur durch Worte geschieht, sondern durch geteiltes Leben \u2013 durch Gespr\u00e4che am Tisch, Momente des Gebets und echte F\u00fcrsorge f\u00fcreinander.<\/p>\n<p data-start=\"993\" data-end=\"1071\">Unsere Mission ist es, den Glauben wieder zug\u00e4nglich und lebendig zu machen:<\/p>\n<p style=\"text-align: center;\"><em>Pers\u00f6nlich statt entfernt<br \/>\n<\/em><em>Relational statt institutionell<br \/>\n<\/em><em>Aktiv statt passiv<\/em><\/p>\n<p data-start=\"1163\" data-end=\"1423\">Wir richten uns nicht auf Geb\u00e4ude, sondern auf Menschen. Nicht auf Leistung, sondern auf Teilnahme. Jedes Zuhause wird zu einem Ort der Gastfreundschaft, jedes Treffen zu einer Gelegenheit zu wachsen, und jede Person zu einem wichtigen Teil der Gemeinschaft.<\/p>\n<p data-start=\"1425\" data-end=\"1680\">So wie die ersten Christen R\u00e4ume der Zugeh\u00f6rigkeit, Ermutigung und geistlichen Entwicklung in ihren H\u00e4usern schufen, wollen wir heute dasselbe tun \u2013 den Glauben zur\u00fcck in den Alltag bringen und ihn auf nat\u00fcrliche Weise mit denen teilen, die uns umgeben.<\/p>\n<p data-start=\"1682\" data-end=\"1824\">Wir glauben, dass Glaube, der einfach und authentisch gelebt wird, sich ganz von selbst verbreitet \u2013 von Person zu Person, von Haus zu Haus.<\/p>\n","protected":false},"excerpt":{"rendered":"<p>\u00dcber uns Wir sind eine Gemeinschaft, die von einer einfachen und zeitlosen Vision geleitet wird: den christlichen Glauben so zu leben und weiterzugeben, wie er am Anfang war \u2013 authentisch, relational und nah am Alltag. In den ersten Jahrhunderten nach Jesus Christus trafen sich Gl\u00e4ubige nicht in gro\u00dfen Geb\u00e4uden oder formellen Institutionen. Sie kamen in &hellip; <\/p>\n<p class=\"link-more\"><a href=\"https:\/\/www.house2house.ch\/?page_id=301&#038;lang=de\" class=\"more-link\">Continue reading<span class=\"screen-reader-text\"> &#8220;\u00dcber uns&#8221;<\/span><\/a><\/p>\n","protected":false},"author":1,"featured_media":0,"parent":0,"menu_order":0,"comment_status":"closed","ping_status":"closed","template":"","meta":{"footnotes":""},"class_list":["post-301","page","type-page","status-publish","hentry"],"_links":{"self":[{"href":"https:\/\/www.house2house.ch\/index.php?rest_route=\/wp\/v2\/pages\/301","targetHints":{"allow":["GET"]}}],"collection":[{"href":"https:\/\/www.house2house.ch\/index.php?rest_route=\/wp\/v2\/pages"}],"about":[{"href":"https:\/\/www.house2house.ch\/index.php?rest_route=\/wp\/v2\/types\/page"}],"author":[{"embeddable":true,"href":"https:\/\/www.house2house.ch\/index.php?rest_route=\/wp\/v2\/users\/1"}],"replies":[{"embeddable":true,"href":"https:\/\/www.house2house.ch\/index.php?rest_route=%2Fwp%2Fv2%2Fcomments&post=301"}],"version-history":[{"count":8,"href":"https:\/\/www.house2house.ch\/index.php?rest_route=\/wp\/v2\/pages\/301\/revisions"}],"predecessor-version":[{"id":503,"href":"https:\/\/www.house2house.ch\/index.php?rest_route=\/wp\/v2\/pages\/301\/revisions\/503"}],"wp:attachment":[{"href":"https:\/\/www.house2house.ch\/index.php?rest_route=%2Fwp%2Fv2%2Fmedia&parent=301"}],"curies":[{"name":"wp","href":"https:\/\/api.w.org\/{rel}","templated":true}]}}