{"id":307,"date":"2026-03-24T19:30:15","date_gmt":"2026-03-24T19:30:15","guid":{"rendered":"https:\/\/www.house2house.ch\/?page_id=307"},"modified":"2026-03-25T20:09:28","modified_gmt":"2026-03-25T20:09:28","slug":"von-haus-zu-haus","status":"publish","type":"page","link":"https:\/\/www.house2house.ch\/?page_id=307&lang=de","title":{"rendered":"Von Haus zu Haus"},"content":{"rendered":"<h1>Von Haus zu Haus<\/h1>\n<p style=\"text-align: center;\">\u201e<em><span id=\"EUE.ROM.16.5\" class=\"verse relative text-grayMedium EUE.ROM.16.5\" data-verse-org-id=\"ROM.16.5\">Gr\u00fc\u00dft auch die Gemeinde, die sich in ihrem Haus versammelt!<\/span><\/em>\u201c<br \/>\n(R\u00f6mer 16,5)<\/p>\n<p style=\"text-align: center;\">\u201e<em>Gr\u00fc\u00dft (&#8230;) die Gemeinde in ihrem Haus.<\/em>\u201c<br \/>\n(Kolosser 4,15)<\/p>\n<p style=\"text-align: center;\">\u201e<em>Und sie waren t\u00e4glich einm\u00fctig beieinander im Tempel und brachen das Brot hier und dort in den H\u00e4usern, hielten die Mahlzeiten mit Freude und lauterem Herzen<\/em>\u201c<br \/>\n(Apostelgeschichte 2,46)<\/p>\n<h2><strong>Von Haus zu Haus<\/strong><\/h2>\n<p>House2House ist eine Gemeinschaft, in der jedes Haus zu einem Ort des Lobpreises, der Lehre und des Austauschs wird. Inspiriert vom Geist der ersten christlichen Gemeinden glauben wir, dass geistliches Leben sich ganz konkret von Haus zu Haus entfaltet \u2013 im Rhythmus der Familien und echter Begegnungen.<\/p>\n<p>Unsere Gespr\u00e4chsgruppen und Treffen bieten jedem die M\u00f6glichkeit, sich einzubringen, zu lernen und von den Erfahrungen anderer zu profitieren. Durch unsere Feiern und Zeiten des Lobpreises nehmen wir uns Zeit, gemeinsam Gott anzubeten, unseren Glauben zu st\u00e4rken und die Freude der Gemeinschaft zu erleben. Unsere Freizeiten schaffen Raum f\u00fcr Reflexion und Erneuerung, sodass sowohl der Einzelne als auch die Gemeinschaft wachsen k\u00f6nnen.<\/p>\n<p>So wird jedes Haus zu einem lebendigen Ort, an dem Lehre weitergegeben, das Wort geteilt und Lobpreis gelebt wird \u2013 und der die Haushalte in Vertrauen und Gemeinschaft verbindet. House2House ist eine offene und dynamische Gemeinschaft, in der Glaube konkret und mit Freude gelebt wird, von Haus zu Haus.<\/p>\n<p>Entdecken Sie den Reichtum einer Gemeinschaft, in der H\u00e4user zu Orten der Begegnung, des Lernens und des Lobpreises werden \u2013 und in der jedes Zusammenkommen das geistliche Leben aller n\u00e4hrt.<\/p>\n<h2><strong>Hausgruppen<\/strong><\/h2>\n<p>Die Hausgruppen treffen sich in La Conversion (VD) einmal pro Woche, in der Regel am Dienstag- oder Freitagabend ab 19:00 Uhr.<\/p>\n","protected":false},"excerpt":{"rendered":"<p>Von Haus zu Haus \u201eGr\u00fc\u00dft auch die Gemeinde, die sich in ihrem Haus versammelt!\u201c (R\u00f6mer 16,5) \u201eGr\u00fc\u00dft (&#8230;) die Gemeinde in ihrem Haus.\u201c (Kolosser 4,15) \u201eUnd sie waren t\u00e4glich einm\u00fctig beieinander im Tempel und brachen das Brot hier und dort in den H\u00e4usern, hielten die Mahlzeiten mit Freude und lauterem Herzen\u201c (Apostelgeschichte 2,46) Von Haus &hellip; <\/p>\n<p class=\"link-more\"><a href=\"https:\/\/www.house2house.ch\/?page_id=307&#038;lang=de\" class=\"more-link\">Continue reading<span class=\"screen-reader-text\"> &#8220;Von Haus zu Haus&#8221;<\/span><\/a><\/p>\n","protected":false},"author":1,"featured_media":0,"parent":0,"menu_order":0,"comment_status":"closed","ping_status":"closed","template":"","meta":{"footnotes":""},"class_list":["post-307","page","type-page","status-publish","hentry"],"_links":{"self":[{"href":"https:\/\/www.house2house.ch\/index.php?rest_route=\/wp\/v2\/pages\/307","targetHints":{"allow":["GET"]}}],"collection":[{"href":"https:\/\/www.house2house.ch\/index.php?rest_route=\/wp\/v2\/pages"}],"about":[{"href":"https:\/\/www.house2house.ch\/index.php?rest_route=\/wp\/v2\/types\/page"}],"author":[{"embeddable":true,"href":"https:\/\/www.house2house.ch\/index.php?rest_route=\/wp\/v2\/users\/1"}],"replies":[{"embeddable":true,"href":"https:\/\/www.house2house.ch\/index.php?rest_route=%2Fwp%2Fv2%2Fcomments&post=307"}],"version-history":[{"count":4,"href":"https:\/\/www.house2house.ch\/index.php?rest_route=\/wp\/v2\/pages\/307\/revisions"}],"predecessor-version":[{"id":516,"href":"https:\/\/www.house2house.ch\/index.php?rest_route=\/wp\/v2\/pages\/307\/revisions\/516"}],"wp:attachment":[{"href":"https:\/\/www.house2house.ch\/index.php?rest_route=%2Fwp%2Fv2%2Fmedia&parent=307"}],"curies":[{"name":"wp","href":"https:\/\/api.w.org\/{rel}","templated":true}]}}