{"id":309,"date":"2026-03-24T19:30:52","date_gmt":"2026-03-24T19:30:52","guid":{"rendered":"https:\/\/www.house2house.ch\/?page_id=309"},"modified":"2026-03-25T19:08:38","modified_gmt":"2026-03-25T19:08:38","slug":"entdecke-die-werke-von-tom-wadsworth","status":"publish","type":"page","link":"https:\/\/www.house2house.ch\/?page_id=309&lang=de","title":{"rendered":"Entdecke die Werke von Dr Tom Wadsworth"},"content":{"rendered":"<h1><strong>Entdecke die Werke von Dr. Tom Wadsworth<\/strong><\/h1>\n<p data-start=\"82\" data-end=\"255\"><em>Aufbauend auf seiner Doktorarbeit bietet Dr. Tom Wadsworth\u00a0eine eindrucksvolle Neubewertung der fr\u00fchen Kirche und hinterfragt g\u00e4ngige Annahmen \u00fcber moderne \u201eGottesdienst\u201c-Praktiken.<\/em><\/p>\n<p data-start=\"257\" data-end=\"460\"><em>Auf dieser Seite finden Sie eine Sammlung von Ressourcen \u2013 Videos, Podcasts und schriftliche Arbeiten \u2013, mit denen Sie seine Ideen kennenlernen und seine Forschungsergebnisse eingehend erkunden k\u00f6nnen.<\/em><\/p>\n<h2><strong>LITTERATURE<\/strong><\/h2>\n<p>Dr. Tom Wadsworth hat zahlreiche Artikel verfasst, die biblische Lehren, kirchliche Praktiken und zeitgen\u00f6ssische Themen aus einer durchdachten und wissenschaftlichen Perspektive beleuchten. Seine Texte bieten den Lesern die M\u00f6glichkeit, sich mit seinen Forschungen und \u00dcberlegungen auseinanderzusetzen und liefern Einblicke, die konventionelles Denken herausfordern und ein tieferes Verst\u00e4ndnis von Glauben und Dienst f\u00f6rdern.<\/p>\n<h4><em>A Worship Service or an Assembly? An Investigation of the Terminology Used to Describe Church Meetings in the New Testament<\/em> &#8211; PhD Dissertation<\/h4>\n<p><img loading=\"lazy\" decoding=\"async\" class=\"size-medium wp-image-222 aligncenter\" src=\"https:\/\/www.house2house.ch\/wp-content\/uploads\/2026\/03\/Tom-Wadsworth-bound-dissertation-min2-min2-237x300.webp\" alt=\"\" width=\"237\" height=\"300\" srcset=\"https:\/\/www.house2house.ch\/wp-content\/uploads\/2026\/03\/Tom-Wadsworth-bound-dissertation-min2-min2-237x300.webp 237w, https:\/\/www.house2house.ch\/wp-content\/uploads\/2026\/03\/Tom-Wadsworth-bound-dissertation-min2-min2-809x1024.webp 809w, https:\/\/www.house2house.ch\/wp-content\/uploads\/2026\/03\/Tom-Wadsworth-bound-dissertation-min2-min2-768x972.webp 768w, https:\/\/www.house2house.ch\/wp-content\/uploads\/2026\/03\/Tom-Wadsworth-bound-dissertation-min2-min2-1214x1536.webp 1214w, https:\/\/www.house2house.ch\/wp-content\/uploads\/2026\/03\/Tom-Wadsworth-bound-dissertation-min2-min2-1619x2048.webp 1619w, https:\/\/www.house2house.ch\/wp-content\/uploads\/2026\/03\/Tom-Wadsworth-bound-dissertation-min2-min2-scaled.webp 2023w\" sizes=\"auto, (max-width: 237px) 100vw, 237px\" \/><\/p>\n<p>Entdecken Sie die originale Doktorarbeit von Dr. Tom Wadsworth, in der die biblischen Grundlagen der Versammlungen der fr\u00fchen Kirche untersucht werden. Die vollst\u00e4ndige Dissertation steht zum Download auf seiner <a href=\"https:\/\/www.tomwadsworth.com\/the-christian-assembly\" target=\"_blank\" rel=\"noopener\">offiziellen Webseite<\/a> zur Verf\u00fcgung.<\/p>\n<h4><em>The Origin of the Christian Assembly<\/em><\/h4>\n<p><a href=\"http:\/\/Tom Wadsworth has authored numerous articles that explore biblical teachings, church practices, and contemporary issues from a thoughtful and scholarly perspective. His writing offers readers a chance to engage with his research and reflections, providing insights that challenge conventional thinking and encourage deeper understanding of faith and ministry.\"><img loading=\"lazy\" decoding=\"async\" class=\"size-medium wp-image-214 aligncenter\" src=\"https:\/\/www.house2house.ch\/wp-content\/uploads\/2026\/03\/OriginoftheChristianAssemblycover-min-232x300.webp\" alt=\"\" width=\"232\" height=\"300\" srcset=\"https:\/\/www.house2house.ch\/wp-content\/uploads\/2026\/03\/OriginoftheChristianAssemblycover-min-232x300.webp 232w, https:\/\/www.house2house.ch\/wp-content\/uploads\/2026\/03\/OriginoftheChristianAssemblycover-min.webp 750w\" sizes=\"auto, (max-width: 232px) 100vw, 232px\" \/><\/a><\/p>\n<p>Der vollst\u00e4ndige Artikel steht auf der <a href=\"https:\/\/www.tomwadsworth.com\/s\/The-Origin-of-the-Christian-Assembly-TRW.pdf\" target=\"_blank\" rel=\"noopener\">offiziellen Webseite<\/a> von Dr. Tom Wadsworth zum Download bereit.<\/p>\n<h4><em>The Shift: How the Early Church Evolved from House Meetings to Temple Worship<\/em><\/h4>\n<p><img loading=\"lazy\" decoding=\"async\" class=\"size-medium wp-image-215 aligncenter\" src=\"https:\/\/www.house2house.ch\/wp-content\/uploads\/2026\/03\/Tom-Wadsworth-the-shift-article-cover-min-225x300.webp\" alt=\"\" width=\"225\" height=\"300\" srcset=\"https:\/\/www.house2house.ch\/wp-content\/uploads\/2026\/03\/Tom-Wadsworth-the-shift-article-cover-min-225x300.webp 225w, https:\/\/www.house2house.ch\/wp-content\/uploads\/2026\/03\/Tom-Wadsworth-the-shift-article-cover-min.webp 750w\" sizes=\"auto, (max-width: 225px) 100vw, 225px\" \/><\/p>\n<p>Der vollst\u00e4ndige Artikel kann auf der <a href=\"https:\/\/static1.squarespace.com\/static\/66343e9028842f2f20144bb8\/t\/66456090cf01d844c8b033a4\/1715822736445\/shift.pdf\" target=\"_blank\" rel=\"noopener\">offiziellen Webseite<\/a> von Dr. Tom Wadsworth heruntergeladen werden.<\/p>\n<h4><em>Divine Christology: Where It Stands, Where It Should Go<\/em><\/h4>\n<p><img loading=\"lazy\" decoding=\"async\" class=\"size-medium wp-image-216 aligncenter\" src=\"https:\/\/www.house2house.ch\/wp-content\/uploads\/2026\/03\/Tom-Wadsworth-divine-christology-232x300.webp\" alt=\"\" width=\"232\" height=\"300\" srcset=\"https:\/\/www.house2house.ch\/wp-content\/uploads\/2026\/03\/Tom-Wadsworth-divine-christology-232x300.webp 232w, https:\/\/www.house2house.ch\/wp-content\/uploads\/2026\/03\/Tom-Wadsworth-divine-christology.webp 480w\" sizes=\"auto, (max-width: 232px) 100vw, 232px\" \/><\/p>\n<p>Jetzt den vollst\u00e4ndigen Artikel auf der <a href=\"https:\/\/static1.squarespace.com\/static\/66343e9028842f2f20144bb8\/t\/664560ec8825833055308119\/1715822828639\/christology.pdf\" target=\"_blank\" rel=\"noopener\">offiziellen Webseite<\/a> von Dr. Tom Wadsworth herunterladen.<\/p>\n<h4><em>The Worship Debate with ChatGPT<\/em><\/h4>\n<p><img loading=\"lazy\" decoding=\"async\" class=\"size-medium wp-image-219 aligncenter\" src=\"https:\/\/www.house2house.ch\/wp-content\/uploads\/2026\/03\/geralt-artificial-intelligence-4389372_1920-300x200.jpg\" alt=\"\" width=\"300\" height=\"200\" srcset=\"https:\/\/www.house2house.ch\/wp-content\/uploads\/2026\/03\/geralt-artificial-intelligence-4389372_1920-300x200.jpg 300w, https:\/\/www.house2house.ch\/wp-content\/uploads\/2026\/03\/geralt-artificial-intelligence-4389372_1920-1024x683.jpg 1024w, https:\/\/www.house2house.ch\/wp-content\/uploads\/2026\/03\/geralt-artificial-intelligence-4389372_1920-768x512.jpg 768w, https:\/\/www.house2house.ch\/wp-content\/uploads\/2026\/03\/geralt-artificial-intelligence-4389372_1920-1536x1024.jpg 1536w, https:\/\/www.house2house.ch\/wp-content\/uploads\/2026\/03\/geralt-artificial-intelligence-4389372_1920.jpg 1920w\" sizes=\"auto, (max-width: 300px) 100vw, 300px\" \/><\/p>\n<p>Jetzt die vollst\u00e4ndige Debatte auf der <a href=\"https:\/\/www.tomwadsworth.com\/answers-to-questions\/chatgpt-worship-debate\" target=\"_blank\" rel=\"noopener\">offiziellen Webseite<\/a> von Dr. Tom Wadsworth herunterladen.<\/p>\n<h4><em>About Women in the Assembly<\/em><\/h4>\n<p><img loading=\"lazy\" decoding=\"async\" class=\"size-medium wp-image-220 aligncenter\" src=\"https:\/\/www.house2house.ch\/wp-content\/uploads\/2026\/03\/tungart7-pray-8475969-300x200.jpg\" alt=\"\" width=\"300\" height=\"200\" srcset=\"https:\/\/www.house2house.ch\/wp-content\/uploads\/2026\/03\/tungart7-pray-8475969-300x200.jpg 300w, https:\/\/www.house2house.ch\/wp-content\/uploads\/2026\/03\/tungart7-pray-8475969-1024x683.jpg 1024w, https:\/\/www.house2house.ch\/wp-content\/uploads\/2026\/03\/tungart7-pray-8475969-768x512.jpg 768w, https:\/\/www.house2house.ch\/wp-content\/uploads\/2026\/03\/tungart7-pray-8475969-1536x1024.jpg 1536w, https:\/\/www.house2house.ch\/wp-content\/uploads\/2026\/03\/tungart7-pray-8475969-2048x1365.jpg 2048w\" sizes=\"auto, (max-width: 300px) 100vw, 300px\" \/><\/p>\n<p>Fragen zum Thema, ob Frauen in der Kirche sprechen d\u00fcrfen, l\u00f6sen oft lebhafte Diskussionen und manchmal auch Verwirrung aus. In diesem Blogbeitrag untersucht Dr. Tom Wadsworth Paulus\u2019 Aussagen \u00fcber das Schweigen von Frauen in der Versammlung und \u00fcberlegt, wie diese \u2013 oder auch nicht \u2013 auf moderne Gottesdienstsituationen angewendet werden k\u00f6nnen.<\/p>\n<p>Jetzt die vollst\u00e4ndige Notiz auf der <a href=\"https:\/\/www.tomwadsworth.com\/answers-to-questions\/women-in-the-assembly\" target=\"_blank\" rel=\"noopener\">offiziellen Webseite<\/a> von Dr. Tom Wadsworth herunterladen.<\/p>\n<h2><strong>VIDEO<\/strong><\/h2>\n<h3><strong>&#8220;The Assembly: How We Got Worship Wrong&#8221; Videoserie<\/strong><\/h3>\n<p>Die Videoserie von Dr. Tom Wadsworth \u00fcber die christliche Versammlung hat innerhalb der christlichen Gemeinschaft, sowohl online als auch vor Ort, gro\u00dfe Aufmerksamkeit und regen Austausch erzeugt. Urspr\u00fcnglich in einem umfassenderen Format pr\u00e4sentiert, wurde die Serie f\u00fcr ihre sorgf\u00e4ltige Untersuchung der Praktiken der Kirche im ersten Jahrhundert und deren m\u00f6gliche Bedeutung f\u00fcr heutige Versammlungen sehr positiv aufgenommen. Ihr starker Einfluss zeigt sich in einem wachsenden Publikum: \u00fcber 10.000 Abonnenten und mehr als 500.000 Aufrufe insgesamt.<\/p>\n<h4><em>A Fresh Look at the Lord&#8217;s Supper<\/em><\/h4>\n<p><iframe loading=\"lazy\" title=\"A Fresh Look at the Lord&#039;s Supper by Tom Wadsworth, PhD.\" width=\"525\" height=\"295\" src=\"https:\/\/www.youtube.com\/embed\/WzuVG46Ztxs?feature=oembed\" frameborder=\"0\" allow=\"accelerometer; autoplay; clipboard-write; encrypted-media; gyroscope; picture-in-picture; web-share\" referrerpolicy=\"strict-origin-when-cross-origin\" allowfullscreen><\/iframe><\/p>\n<h4><em>Elders of the Ekklesia<\/em><\/h4>\n<p><iframe loading=\"lazy\" title=\"Elders of the Ekklesia: The Role of Elders in Early Christian Assemblies\" width=\"525\" height=\"295\" src=\"https:\/\/www.youtube.com\/embed\/IkNB8BXTgbM?feature=oembed\" frameborder=\"0\" allow=\"accelerometer; autoplay; clipboard-write; encrypted-media; gyroscope; picture-in-picture; web-share\" referrerpolicy=\"strict-origin-when-cross-origin\" allowfullscreen><\/iframe><\/p>\n<h4><em>How the Early Church Did Edification<\/em><\/h4>\n<p><iframe loading=\"lazy\" title=\"How the Early Church Did Edification\" width=\"525\" height=\"295\" src=\"https:\/\/www.youtube.com\/embed\/8tErctQy9_s?feature=oembed\" frameborder=\"0\" allow=\"accelerometer; autoplay; clipboard-write; encrypted-media; gyroscope; picture-in-picture; web-share\" referrerpolicy=\"strict-origin-when-cross-origin\" allowfullscreen><\/iframe><\/p>\n<h4><em>The New Way to God: The Bombshell Message of Hebrews<\/em><\/h4>\n<p><iframe loading=\"lazy\" title=\"The New Way to God: The Bombshell Message of Hebrews\" width=\"525\" height=\"295\" src=\"https:\/\/www.youtube.com\/embed\/i9JlD-zRoYA?feature=oembed\" frameborder=\"0\" allow=\"accelerometer; autoplay; clipboard-write; encrypted-media; gyroscope; picture-in-picture; web-share\" referrerpolicy=\"strict-origin-when-cross-origin\" allowfullscreen><\/iframe><\/p>\n<h4><em>The Major Methodological Flaw in Studies about Early Christian Worship<\/em><\/h4>\n<p><iframe loading=\"lazy\" title=\"The Major Methodological Flaw in Studies about Early Christian Worship\" width=\"525\" height=\"295\" src=\"https:\/\/www.youtube.com\/embed\/0ft1AalQim4?start=602&#038;feature=oembed\" frameborder=\"0\" allow=\"accelerometer; autoplay; clipboard-write; encrypted-media; gyroscope; picture-in-picture; web-share\" referrerpolicy=\"strict-origin-when-cross-origin\" allowfullscreen><\/iframe><\/p>\n<h4><em>Why They Didn&#8217;t Preach Sermons in the Early Church<\/em><\/h4>\n<p><iframe loading=\"lazy\" title=\"Why They Didn&#039;t Preach Sermons in the Early Church (updated)\" width=\"525\" height=\"295\" src=\"https:\/\/www.youtube.com\/embed\/CheA3jTRcLc?feature=oembed\" frameborder=\"0\" allow=\"accelerometer; autoplay; clipboard-write; encrypted-media; gyroscope; picture-in-picture; web-share\" referrerpolicy=\"strict-origin-when-cross-origin\" allowfullscreen><\/iframe><\/p>\n<h4><em>Why the Early Church Didn&#8217;t Have Worship Services<\/em><\/h4>\n<p><iframe loading=\"lazy\" title=\"Why the Early Church Didn&#039;t Have Worship Services - 7 videos in 1\" width=\"525\" height=\"295\" src=\"https:\/\/www.youtube.com\/embed\/sw4MTdbq3Xw?list=PLBymWQLP-rkGoTzyS81-MIi5q63Aq4UgI\" frameborder=\"0\" allow=\"accelerometer; autoplay; clipboard-write; encrypted-media; gyroscope; picture-in-picture; web-share\" referrerpolicy=\"strict-origin-when-cross-origin\" allowfullscreen><\/iframe><\/p>\n<h2><strong>PODCAST<\/strong><\/h2>\n<p>Dr. Tom Wadsworth hat an mehreren Podcast-Interviews teilgenommen und bringt seine Forschung zur christlichen Versammlung so einem breiteren Publikum n\u00e4her. In diesen Auftritten teilt er seine Erkenntnisse, regt zu nachdenklichem Austausch an und l\u00e4dt die Zuh\u00f6rer ein, traditionelle Perspektiven auf Kirchenversammlungen neu zu \u00fcberdenken.<\/p>\n<h4><em>How To Think Podcast<\/em><\/h4>\n<p><iframe loading=\"lazy\" title=\"How To Think Podcast: An Interview with Dr. Tom Wadsworth\" width=\"525\" height=\"295\" src=\"https:\/\/www.youtube.com\/embed\/c3OW58X0jNc?feature=oembed\" frameborder=\"0\" allow=\"accelerometer; autoplay; clipboard-write; encrypted-media; gyroscope; picture-in-picture; web-share\" referrerpolicy=\"strict-origin-when-cross-origin\" allowfullscreen><\/iframe><\/p>\n<h4><em>Exporing Wadsworth&#8217;s Worship Thesis<\/em><\/h4>\n<p><iframe loading=\"lazy\" title=\"Exploring Wadsworth&#039;s Worship Thesis\" width=\"525\" height=\"295\" src=\"https:\/\/www.youtube.com\/embed\/SVh0PwjIaps?feature=oembed\" frameborder=\"0\" allow=\"accelerometer; autoplay; clipboard-write; encrypted-media; gyroscope; picture-in-picture; web-share\" referrerpolicy=\"strict-origin-when-cross-origin\" allowfullscreen><\/iframe><\/p>\n<h4><em>What Your Pastor Didn&#8217;t Tell You<\/em><\/h4>\n<p><iframe loading=\"lazy\" title=\"What Early Church Assemblies Were Actually Like @tomwadsworth\" width=\"525\" height=\"295\" src=\"https:\/\/www.youtube.com\/embed\/Y70DBDlmxlo?feature=oembed\" frameborder=\"0\" allow=\"accelerometer; autoplay; clipboard-write; encrypted-media; gyroscope; picture-in-picture; web-share\" referrerpolicy=\"strict-origin-when-cross-origin\" allowfullscreen><\/iframe><\/p>\n<h4><em>In Search of Truth<\/em><\/h4>\n<p><iframe loading=\"lazy\" title=\"In Search of Truth LIVE ... About the Christian Assembly\" width=\"525\" height=\"295\" src=\"https:\/\/www.youtube.com\/embed\/LLvmkFZZPAI?feature=oembed\" frameborder=\"0\" allow=\"accelerometer; autoplay; clipboard-write; encrypted-media; gyroscope; picture-in-picture; web-share\" referrerpolicy=\"strict-origin-when-cross-origin\" allowfullscreen><\/iframe><\/p>\n<p><iframe loading=\"lazy\" title=\"How the Early Church Did Edification\" width=\"525\" height=\"295\" src=\"https:\/\/www.youtube.com\/embed\/8tErctQy9_s?feature=oembed\" frameborder=\"0\" allow=\"accelerometer; autoplay; clipboard-write; encrypted-media; gyroscope; picture-in-picture; web-share\" referrerpolicy=\"strict-origin-when-cross-origin\" allowfullscreen><\/iframe><\/p>\n","protected":false},"excerpt":{"rendered":"<p>Entdecke die Werke von Dr. Tom Wadsworth Aufbauend auf seiner Doktorarbeit bietet Dr. Tom Wadsworth\u00a0eine eindrucksvolle Neubewertung der fr\u00fchen Kirche und hinterfragt g\u00e4ngige Annahmen \u00fcber moderne \u201eGottesdienst\u201c-Praktiken. Auf dieser Seite finden Sie eine Sammlung von Ressourcen \u2013 Videos, Podcasts und schriftliche Arbeiten \u2013, mit denen Sie seine Ideen kennenlernen und seine Forschungsergebnisse eingehend erkunden k\u00f6nnen. &hellip; <\/p>\n<p class=\"link-more\"><a href=\"https:\/\/www.house2house.ch\/?page_id=309&#038;lang=de\" class=\"more-link\">Continue reading<span class=\"screen-reader-text\"> &#8220;Entdecke die Werke von Dr Tom Wadsworth&#8221;<\/span><\/a><\/p>\n","protected":false},"author":1,"featured_media":0,"parent":0,"menu_order":0,"comment_status":"closed","ping_status":"closed","template":"","meta":{"footnotes":""},"class_list":["post-309","page","type-page","status-publish","hentry"],"_links":{"self":[{"href":"https:\/\/www.house2house.ch\/index.php?rest_route=\/wp\/v2\/pages\/309","targetHints":{"allow":["GET"]}}],"collection":[{"href":"https:\/\/www.house2house.ch\/index.php?rest_route=\/wp\/v2\/pages"}],"about":[{"href":"https:\/\/www.house2house.ch\/index.php?rest_route=\/wp\/v2\/types\/page"}],"author":[{"embeddable":true,"href":"https:\/\/www.house2house.ch\/index.php?rest_route=\/wp\/v2\/users\/1"}],"replies":[{"embeddable":true,"href":"https:\/\/www.house2house.ch\/index.php?rest_route=%2Fwp%2Fv2%2Fcomments&post=309"}],"version-history":[{"count":8,"href":"https:\/\/www.house2house.ch\/index.php?rest_route=\/wp\/v2\/pages\/309\/revisions"}],"predecessor-version":[{"id":502,"href":"https:\/\/www.house2house.ch\/index.php?rest_route=\/wp\/v2\/pages\/309\/revisions\/502"}],"wp:attachment":[{"href":"https:\/\/www.house2house.ch\/index.php?rest_route=%2Fwp%2Fv2%2Fmedia&parent=309"}],"curies":[{"name":"wp","href":"https:\/\/api.w.org\/{rel}","templated":true}]}}