{"id":311,"date":"2026-03-24T19:32:21","date_gmt":"2026-03-24T19:32:21","guid":{"rendered":"https:\/\/www.house2house.ch\/?page_id=311"},"modified":"2026-03-25T19:37:03","modified_gmt":"2026-03-25T19:37:03","slug":"fuer-weitere-informationen","status":"publish","type":"page","link":"https:\/\/www.house2house.ch\/?page_id=311&lang=de","title":{"rendered":"F\u00fcr weitere Werke"},"content":{"rendered":"<h1>F\u00fcr weitere Werke<\/h1>\n<p style=\"text-align: center;\">\u201e<span id=\"LU84.PRO.4.7\" class=\"verse relative text-grayMedium LU84.PRO.4.7 selected\" data-verse-org-id=\"PRO.4.7\">Denn der Weisheit Anfang ist: Erwirb Weisheit und erwirb Einsicht mit allem, was du hast.<\/span>\u201c<br \/>\n(Spr\u00fcche 4,7)<\/p>\n<p style=\"text-align: center;\">\u201e<span id=\"LU84.PRO.18.15\" class=\"verse relative text-grayMedium LU84.PRO.18.15\" data-verse-org-id=\"PRO.18.15\">Ein verst\u00e4ndiges Herz erwirbt Einsicht, und das Ohr der Weisen sucht Erkenntnis.<\/span>\u201c<br \/>\n(Spr\u00fcche 18,15)<\/p>\n<h2>Weiterf\u00fchrende Lekt\u00fcre<\/h2>\n<p>Um tiefer einzutauchen, entdecken Sie Ressourcen, die die Vielfalt christlicher Gemeinschaften beleuchten, die von Haus zu Haus gelebt werden \u2013 durch Gottesdienst, Lehre und Gemeinschaft.<\/p>\n<h4>Artikel<\/h4>\n<p>McGrath, Jonathan. \u201eRenovating House Church Assumptions: A Reconsideration of Early Christian Church Models.\u201c <em>The Great Commission Baptist Journal of Missions.<\/em> 3. (2024). <a href=\"https:\/\/doi.org\/10.31046\/2n6kyn49\">https:\/\/doi.org\/10.31046\/2n6kyn49<\/a>.<\/p>\n<h4>B\u00fccher<\/h4>\n<p>Bunton, Peter. <em>Cell Groups and House Churches: What History Teaches Us.<\/em> House to House Publications, 2015.<\/p>\n<p>Fleming, John. <em>Bind Us Together: To Be the Church That Jesus Really Wants.<\/em> Kingsway Communications. 2008.<\/p>\n<h4>Videos<\/h4>\n<p>House Church Preacher. \u201eWhat Did Ecclesiastical Leadership Really Look Like in First-Century Churches?\u201c. Dezember 2025. <a href=\"https:\/\/www.youtube.com\/watch?v=m4KX_gbqELo\">https:\/\/www.youtube.com\/watch?v=m4KX_gbqELo<\/a><\/p>\n<p>House Church Preacher. \u201eHouse Churches: The 5 Most Common Arguments Against, Analyzed\u201c. Dezember 2025. <a href=\"https:\/\/www.youtube.com\/watch?v=Ps12Cs3_vJc\">https:\/\/www.youtube.com\/watch?v=Ps12Cs3_vJc<\/a><\/p>\n<p>House Church Preacher. \u201eWhy Didn\u2019t Early Churches Have Pulpits with a Single Man?\u201c. September 2025. <a href=\"https:\/\/www.youtube.com\/watch?v=gs_URA1PhVg\">https:\/\/www.youtube.com\/watch?v=gs_URA1PhVg<\/a><\/p>\n<p>House Church Preacher. \u201eWhat Would Happen If an Entire City Switched to House Churches?\u201c Februar 2026. <a href=\"https:\/\/www.youtube.com\/watch?v=BVG6qidckZY\">https:\/\/www.youtube.com\/watch?v=BVG6qidckZY<\/a><\/p>\n<h4>Podcast<\/h4>\n<p><em>Demn\u00e4chst verf\u00fcgbar<\/em><\/p>\n<p>&nbsp;<\/p>\n","protected":false},"excerpt":{"rendered":"<p>F\u00fcr weitere Werke \u201eDenn der Weisheit Anfang ist: Erwirb Weisheit und erwirb Einsicht mit allem, was du hast.\u201c (Spr\u00fcche 4,7) \u201eEin verst\u00e4ndiges Herz erwirbt Einsicht, und das Ohr der Weisen sucht Erkenntnis.\u201c (Spr\u00fcche 18,15) Weiterf\u00fchrende Lekt\u00fcre Um tiefer einzutauchen, entdecken Sie Ressourcen, die die Vielfalt christlicher Gemeinschaften beleuchten, die von Haus zu Haus gelebt werden &hellip; <\/p>\n<p class=\"link-more\"><a href=\"https:\/\/www.house2house.ch\/?page_id=311&#038;lang=de\" class=\"more-link\">Continue reading<span class=\"screen-reader-text\"> &#8220;F\u00fcr weitere Werke&#8221;<\/span><\/a><\/p>\n","protected":false},"author":1,"featured_media":0,"parent":0,"menu_order":0,"comment_status":"closed","ping_status":"closed","template":"","meta":{"footnotes":""},"class_list":["post-311","page","type-page","status-publish","hentry"],"_links":{"self":[{"href":"https:\/\/www.house2house.ch\/index.php?rest_route=\/wp\/v2\/pages\/311","targetHints":{"allow":["GET"]}}],"collection":[{"href":"https:\/\/www.house2house.ch\/index.php?rest_route=\/wp\/v2\/pages"}],"about":[{"href":"https:\/\/www.house2house.ch\/index.php?rest_route=\/wp\/v2\/types\/page"}],"author":[{"embeddable":true,"href":"https:\/\/www.house2house.ch\/index.php?rest_route=\/wp\/v2\/users\/1"}],"replies":[{"embeddable":true,"href":"https:\/\/www.house2house.ch\/index.php?rest_route=%2Fwp%2Fv2%2Fcomments&post=311"}],"version-history":[{"count":7,"href":"https:\/\/www.house2house.ch\/index.php?rest_route=\/wp\/v2\/pages\/311\/revisions"}],"predecessor-version":[{"id":506,"href":"https:\/\/www.house2house.ch\/index.php?rest_route=\/wp\/v2\/pages\/311\/revisions\/506"}],"wp:attachment":[{"href":"https:\/\/www.house2house.ch\/index.php?rest_route=%2Fwp%2Fv2%2Fmedia&parent=311"}],"curies":[{"name":"wp","href":"https:\/\/api.w.org\/{rel}","templated":true}]}}