{"id":313,"date":"2026-03-24T19:32:44","date_gmt":"2026-03-24T19:32:44","guid":{"rendered":"https:\/\/www.house2house.ch\/?page_id=313"},"modified":"2026-03-25T13:35:28","modified_gmt":"2026-03-25T13:35:28","slug":"praktische-informationen","status":"publish","type":"page","link":"https:\/\/www.house2house.ch\/?page_id=313&lang=de","title":{"rendered":"Praktische Informationen"},"content":{"rendered":"<h1 data-start=\"111\" data-end=\"313\">Pratkische Informationen<\/h1>\n<p data-start=\"111\" data-end=\"313\">Wir freuen uns, eine Reihe von Versammlungen anzuk\u00fcndigen, die vom Freitag, den 28. August 2026 bis Sonntag, den 6. September 2026 in der Schweiz stattfinden (genauer Ort wird noch bekannt gegeben).<\/p>\n<p data-start=\"315\" data-end=\"371\">Als Ehrengast d\u00fcrfen wir Dr. Tom Wadsworth begr\u00fc\u00dfen.<\/p>\n<p data-start=\"373\" data-end=\"406\">Jeder Tag umfasst drei Einheiten:<\/p>\n<ul>\n<li style=\"list-style-type: none;\">\n<ul>\n<li style=\"list-style-type: none;\">\n<ul>\n<li style=\"list-style-type: none;\">\n<ul>\n<li>08:00 \u2013 11:45 Uhr<\/li>\n<li>14:00 \u2013 16:00 Uhr<\/li>\n<li>20:00 \u2013 22:00 Uhr<\/li>\n<\/ul>\n<\/li>\n<\/ul>\n<\/li>\n<\/ul>\n<\/li>\n<\/ul>\n<p data-start=\"480\" data-end=\"547\">Unterkunft und Verpflegung werden f\u00fcr die Teilnehmer angeboten.<\/p>\n<p data-start=\"549\" data-end=\"591\"><em><strong data-start=\"549\" data-end=\"591\">Weitere Informationen folgen in K\u00fcrze.<\/strong><\/em><\/p>\n","protected":false},"excerpt":{"rendered":"<p>Pratkische Informationen Wir freuen uns, eine Reihe von Versammlungen anzuk\u00fcndigen, die vom Freitag, den 28. August 2026 bis Sonntag, den 6. September 2026 in der Schweiz stattfinden (genauer Ort wird noch bekannt gegeben). Als Ehrengast d\u00fcrfen wir Dr. Tom Wadsworth begr\u00fc\u00dfen. Jeder Tag umfasst drei Einheiten: 08:00 \u2013 11:45 Uhr 14:00 \u2013 16:00 Uhr 20:00 &hellip; <\/p>\n<p class=\"link-more\"><a href=\"https:\/\/www.house2house.ch\/?page_id=313&#038;lang=de\" class=\"more-link\">Continue reading<span class=\"screen-reader-text\"> &#8220;Praktische Informationen&#8221;<\/span><\/a><\/p>\n","protected":false},"author":1,"featured_media":0,"parent":0,"menu_order":0,"comment_status":"closed","ping_status":"closed","template":"","meta":{"footnotes":""},"class_list":["post-313","page","type-page","status-publish","hentry"],"_links":{"self":[{"href":"https:\/\/www.house2house.ch\/index.php?rest_route=\/wp\/v2\/pages\/313","targetHints":{"allow":["GET"]}}],"collection":[{"href":"https:\/\/www.house2house.ch\/index.php?rest_route=\/wp\/v2\/pages"}],"about":[{"href":"https:\/\/www.house2house.ch\/index.php?rest_route=\/wp\/v2\/types\/page"}],"author":[{"embeddable":true,"href":"https:\/\/www.house2house.ch\/index.php?rest_route=\/wp\/v2\/users\/1"}],"replies":[{"embeddable":true,"href":"https:\/\/www.house2house.ch\/index.php?rest_route=%2Fwp%2Fv2%2Fcomments&post=313"}],"version-history":[{"count":3,"href":"https:\/\/www.house2house.ch\/index.php?rest_route=\/wp\/v2\/pages\/313\/revisions"}],"predecessor-version":[{"id":482,"href":"https:\/\/www.house2house.ch\/index.php?rest_route=\/wp\/v2\/pages\/313\/revisions\/482"}],"wp:attachment":[{"href":"https:\/\/www.house2house.ch\/index.php?rest_route=%2Fwp%2Fv2%2Fmedia&parent=313"}],"curies":[{"name":"wp","href":"https:\/\/api.w.org\/{rel}","templated":true}]}}